{"id":430,"date":"2025-10-24T15:17:50","date_gmt":"2025-10-24T15:17:50","guid":{"rendered":"https:\/\/l7wealth.com.br\/?page_id=430"},"modified":"2025-10-24T15:40:56","modified_gmt":"2025-10-24T15:40:56","slug":"politicas","status":"publish","type":"page","link":"https:\/\/l7wealth.com.br\/?page_id=430","title":{"rendered":"Pol\u00edticas"},"content":{"rendered":"\t\t<div data-elementor-type=\"wp-page\" data-elementor-id=\"430\" class=\"elementor elementor-430\" data-elementor-post-type=\"page\">\n\t\t\t\t<div class=\"elementor-element elementor-element-6a718677 e-flex e-con-boxed wpr-particle-no wpr-jarallax-no wpr-parallax-no wpr-sticky-section-no e-con e-parent\" data-id=\"6a718677\" data-element_type=\"container\" data-e-type=\"container\">\n\t\t\t\t\t<div class=\"e-con-inner\">\n\t\t\t\t<div class=\"elementor-element elementor-element-386f975b elementor-widget elementor-widget-text-editor\" data-id=\"386f975b\" data-element_type=\"widget\" data-e-type=\"widget\" data-widget_type=\"text-editor.default\">\n\t\t\t\t<div class=\"elementor-widget-container\">\n\t\t\t\t\t\t\t\t\t\n<div data-wp-interactive=\"core\/file\" class=\"wp-block-file\"><object data-wp-bind--hidden=\"!state.hasPdfPreview\" hidden class=\"wp-block-file__embed\" style=\"width: 100%; height: 600px;\" data=\"https:\/\/l7wealth.com.br\/wp-content\/uploads\/2025\/06\/L7-Wealth-Formulario-de-Referencia.pdf\" type=\"application\/pdf\" width=\"300\" height=\"150\" aria-label=\"Incorporado de L7 Wealth - Formul\u00e1rio de Refer\u00eancia.\"><\/object><a id=\"wp-block-file--media-b2f050c7-caae-4e1b-ae52-a191dc629d4c\" href=\"https:\/\/l7wealth.com.br\/wp-content\/uploads\/2025\/06\/L7-Wealth-Formulario-de-Referencia.pdf\">L7 Wealth &#8211; Formul\u00e1rio de Refer\u00eancia<\/a><a class=\"wp-block-file__button wp-element-button\" href=\"https:\/\/l7wealth.com.br\/wp-content\/uploads\/2025\/06\/L7-Wealth-Formulario-de-Referencia.pdf\" download=\"\" aria-describedby=\"wp-block-file--media-b2f050c7-caae-4e1b-ae52-a191dc629d4c\">Baixar<\/a><\/div>\n\n<div class=\"wp-block-file\"><a id=\"wp-block-file--media-07dca4d6-d5bb-45c0-a885-ff4399041803\" href=\"https:\/\/l7wealth.com.br\/wp-content\/uploads\/2025\/10\/L7-Wealth-Politica-de-Controles-Internos-3.docx\">L7-Wealth-Politica-de-Controles-Internos-3<\/a><a class=\"wp-block-file__button wp-element-button\" href=\"https:\/\/l7wealth.com.br\/wp-content\/uploads\/2025\/10\/L7-Wealth-Politica-de-Controles-Internos-3.docx\" download=\"\" aria-describedby=\"wp-block-file--media-07dca4d6-d5bb-45c0-a885-ff4399041803\">Baixar<\/a><\/div>\n\n<div class=\"wp-block-file\"><a id=\"wp-block-file--media-795de239-7ae0-4520-8c70-e25bfcf76fd3\" href=\"https:\/\/l7wealth.com.br\/wp-content\/uploads\/2025\/04\/L7-Wealth-Politica-de-Suitability-3.docx\">L7 Wealth &#8211; Pol\u00edtica de Suitability<\/a><a class=\"wp-block-file__button wp-element-button\" href=\"https:\/\/l7wealth.com.br\/wp-content\/uploads\/2025\/04\/L7-Wealth-Politica-de-Suitability-3.docx\" download=\"\" aria-describedby=\"wp-block-file--media-795de239-7ae0-4520-8c70-e25bfcf76fd3\">Baixar<\/a><\/div>\n\n<div class=\"wp-block-file\"><a id=\"wp-block-file--media-6e7b2059-84e2-46cf-81e7-97561c314894\" href=\"https:\/\/l7wealth.com.br\/wp-content\/uploads\/2025\/04\/L7-Wealth-Codigo-de-Etica-3.docx\">L7 Wealth &#8211; C\u00f3digo de \u00c9tica<\/a><a class=\"wp-block-file__button wp-element-button\" href=\"https:\/\/l7wealth.com.br\/wp-content\/uploads\/2025\/04\/L7-Wealth-Codigo-de-Etica-3.docx\" download=\"\" aria-describedby=\"wp-block-file--media-6e7b2059-84e2-46cf-81e7-97561c314894\">Baixar<\/a><\/div>\n\n<div class=\"wp-block-file\"><a id=\"wp-block-file--media-e84c5ee0-251d-4546-83bb-763c1b0f508d\" href=\"https:\/\/l7wealth.com.br\/wp-content\/uploads\/2025\/04\/L7-Wealth-Politica-de-Seguranca-da-Informacao-Protecao-de-Dados-e-Seguranca-Cibernetica-3.docx\">L7 Wealth &#8211; Pol\u00edtica de Seguran\u00e7a da Informa\u00e7\u00e3o, Prote\u00e7\u00e3o de Dados e Seguran\u00e7a Cibern\u00e9tica<\/a><a class=\"wp-block-file__button wp-element-button\" href=\"https:\/\/l7wealth.com.br\/wp-content\/uploads\/2025\/04\/L7-Wealth-Politica-de-Seguranca-da-Informacao-Protecao-de-Dados-e-Seguranca-Cibernetica-3.docx\" download=\"\" aria-describedby=\"wp-block-file--media-e84c5ee0-251d-4546-83bb-763c1b0f508d\">Baixar<\/a><\/div>\n\n<div class=\"wp-block-file\"><a id=\"wp-block-file--media-6f48f3d9-c223-4690-9c23-fa90035d02ce\" href=\"https:\/\/l7wealth.com.br\/wp-content\/uploads\/2025\/04\/L7-Wealth-Politica-de-Prevencao-a-Lavagem-de-Dinheiro-3.docx\">L7 Wealth &#8211; Pol\u00edtica de Preven\u00e7\u00e3o \u00e0 Lavagem de Dinheiro<\/a><a class=\"wp-block-file__button wp-element-button\" href=\"https:\/\/l7wealth.com.br\/wp-content\/uploads\/2025\/04\/L7-Wealth-Politica-de-Prevencao-a-Lavagem-de-Dinheiro-3.docx\" download=\"\" aria-describedby=\"wp-block-file--media-6f48f3d9-c223-4690-9c23-fa90035d02ce\">Baixar<\/a><\/div>\n\n<div class=\"wp-block-file\"><a id=\"wp-block-file--media-23602276-6ef9-4e79-8647-eb29c053dd8e\" href=\"https:\/\/l7wealth.com.br\/wp-content\/uploads\/2025\/04\/L7-Wealth-Politica-de-Negociacao-de-Valores-Mobiliarios-3.docx\">L7 Wealth &#8211; Pol\u00edtica de Negocia\u00e7\u00e3o de Valores Mobili\u00e1rios<\/a><a class=\"wp-block-file__button wp-element-button\" href=\"https:\/\/l7wealth.com.br\/wp-content\/uploads\/2025\/04\/L7-Wealth-Politica-de-Negociacao-de-Valores-Mobiliarios-3.docx\" download=\"\" aria-describedby=\"wp-block-file--media-23602276-6ef9-4e79-8647-eb29c053dd8e\">Baixar<\/a><\/div>\n\n<p>\u00a0<\/p>\n\t\t\t\t\t\t\t\t<\/div>\n\t\t\t\t<\/div>\n\t\t\t\t\t<\/div>\n\t\t\t\t<\/div>\n\t\t<div class=\"elementor-element elementor-element-0c8154e e-flex e-con-boxed wpr-particle-no wpr-jarallax-no wpr-parallax-no wpr-sticky-section-no e-con e-parent\" data-id=\"0c8154e\" data-element_type=\"container\" data-e-type=\"container\">\n\t\t\t\t\t<div class=\"e-con-inner\">\n\t\t\t\t<div class=\"elementor-element elementor-element-734d748 elementor-widget elementor-widget-heading\" data-id=\"734d748\" data-element_type=\"widget\" data-e-type=\"widget\" data-widget_type=\"heading.default\">\n\t\t\t\t<div class=\"elementor-widget-container\">\n\t\t\t\t\t<h2 class=\"elementor-heading-title elementor-size-default\">Adicione o texto do seu t\u00edtulo aqui<\/h2>\t\t\t\t<\/div>\n\t\t\t\t<\/div>\n\t\t\t\t\t<\/div>\n\t\t\t\t<\/div>\n\t\t\t\t<\/div>\n\t\t","protected":false},"excerpt":{"rendered":"<p>\u00a0 Adicione o texto do seu t\u00edtulo aqui<\/p>\n","protected":false},"author":1,"featured_media":0,"parent":0,"menu_order":0,"comment_status":"closed","ping_status":"closed","template":"elementor_canvas","meta":{"footnotes":""},"class_list":["post-430","page","type-page","status-publish","hentry"],"_links":{"self":[{"href":"https:\/\/l7wealth.com.br\/index.php?rest_route=\/wp\/v2\/pages\/430","targetHints":{"allow":["GET"]}}],"collection":[{"href":"https:\/\/l7wealth.com.br\/index.php?rest_route=\/wp\/v2\/pages"}],"about":[{"href":"https:\/\/l7wealth.com.br\/index.php?rest_route=\/wp\/v2\/types\/page"}],"author":[{"embeddable":true,"href":"https:\/\/l7wealth.com.br\/index.php?rest_route=\/wp\/v2\/users\/1"}],"replies":[{"embeddable":true,"href":"https:\/\/l7wealth.com.br\/index.php?rest_route=%2Fwp%2Fv2%2Fcomments&post=430"}],"version-history":[{"count":9,"href":"https:\/\/l7wealth.com.br\/index.php?rest_route=\/wp\/v2\/pages\/430\/revisions"}],"predecessor-version":[{"id":442,"href":"https:\/\/l7wealth.com.br\/index.php?rest_route=\/wp\/v2\/pages\/430\/revisions\/442"}],"wp:attachment":[{"href":"https:\/\/l7wealth.com.br\/index.php?rest_route=%2Fwp%2Fv2%2Fmedia&parent=430"}],"curies":[{"name":"wp","href":"https:\/\/api.w.org\/{rel}","templated":true}]}}